{"id":2947,"date":"2024-07-01T11:28:47","date_gmt":"2024-07-01T11:28:47","guid":{"rendered":"https:\/\/ardennesartisanat.fr\/?post_type=product&#038;p=2947"},"modified":"2025-11-17T15:48:25","modified_gmt":"2025-11-17T15:48:25","slug":"feuille-de-joint-liege-a-decouper-a4-300x200mm","status":"publish","type":"product","link":"https:\/\/ardennesartisanat.fr\/en\/product\/feuille-de-joint-liege-a-decouper-a4-300x200mm\/","title":{"rendered":"Feuille de joint li\u00e8ge \u00e0 d\u00e9couper &#8211; Ep. 1 \u00e0 5mm (300x200mm)"},"content":{"rendered":"<ul>\n<li>Notre feuille de joint li\u00e8ge \u00e0 d\u00e9couper 2mm pour moteur est la solution id\u00e9ale pour tous vos besoins en \u00e9tanch\u00e9it\u00e9. Fabriqu\u00e9e \u00e0 partir de li\u00e8ge caoutchouc de qualit\u00e9 sup\u00e9rieure (SBR), notre feuille \u00e0 joint en li\u00e8ge est souple, durable et facile \u00e0 couper \u00e0 la forme d\u00e9sir\u00e9e.Ce produit est id\u00e9al pour une utilisation dans les secteurs industriels, automobiles et de la construction.Feuille pour joint en li\u00e8ge est conforme \u00e0 toutes les r\u00e9glementations en vigueur concernant les substances dangereuses.\n<ul>\n<li style=\"list-style-type: none;\">\n<ul>\n<li>Sans amiante<\/li>\n<\/ul>\n<\/li>\n<\/ul>\n<ul>\n<li style=\"list-style-type: none;\">\n<ul>\n<li>Sans m\u00e9taux Lourd (Pb, Cd, Hg and Cr(VI) )<\/li>\n<\/ul>\n<\/li>\n<\/ul>\n<ul>\n<li style=\"list-style-type: none;\">\n<ul>\n<li>Sans Hydrocarbures Aromatiques Polycycliques (PAH)<\/li>\n<\/ul>\n<\/li>\n<\/ul>\n<p>Notre feuille de joint li\u00e8ge essence est adapt\u00e9e au contacts suivants :<\/p>\n<ul>\n<li style=\"list-style-type: none;\">\n<ul>\n<li>Huile de moteur (15W40)<\/li>\n<\/ul>\n<\/li>\n<\/ul>\n<ul>\n<li style=\"list-style-type: none;\">\n<ul>\n<li>Huile de bo\u00eete (75W90)<\/li>\n<\/ul>\n<\/li>\n<\/ul>\n<p><strong>Politique de retour\u00a0<\/strong><\/p>\n<p>Garantie 100% satisfait ou rembours\u00e9 !<br \/>\nVous avez le droit d\u2019annuler votre commande dans un d\u00e9lai de 14 jours sans donner de raison.<br \/>\nPour cela vous devez nous informer de votre d\u00e9cision par email<strong>: <\/strong><a href=\"mailto:ardennesartisanat@gmail.com\" rel=\"noreferrer noopener\">ardennesartisanat@gmail.com<\/a><\/li>\n<\/ul>","protected":false},"excerpt":{"rendered":"<ul>\n<li>Format de la feuille de li\u00e8ge : 300 x 200 mm (A4).<\/li>\n<li>\u00c9paisseur de la feuille de joint: 2 mm &amp; 1 mm<\/li>\n<\/ul>\n<ul>\n<li>Plage de temp\u00e9rature : -304\u00b0C \u00e0 110\u00b0C<\/li>\n<li>Plage de contrainte : 1,5 \u00e0 6 MPa<\/li>\n<li>R\u00e9sistance \u00e0 la compression : &gt; 70 MPa<\/li>\n<\/ul>\n<p>Exemple d&rsquo;applications : joint li\u00e8ge moteur, joint li\u00e8ge carter huile, boite de vitesse, bouchon de r\u00e9servoir, joint d&rsquo;\u00e9tanch\u00e9it\u00e9, couvercle de bo\u00eete et cache culbuteur.<\/p>","protected":false},"featured_media":2948,"comment_status":"open","ping_status":"closed","template":"","meta":{"_gspb_post_css":""},"product_brand":[],"product_cat":[44,45,17],"product_tag":[],"class_list":{"0":"post-2947","1":"product","2":"type-product","3":"status-publish","4":"has-post-thumbnail","6":"product_cat-feuille-de-joint","7":"product_cat-liege","8":"product_cat-non-classe","10":"first","11":"instock","12":"shipping-taxable","13":"purchasable","14":"product-type-variable"},"_links":{"self":[{"href":"https:\/\/ardennesartisanat.fr\/en\/wp-json\/wp\/v2\/product\/2947","targetHints":{"allow":["GET"]}}],"collection":[{"href":"https:\/\/ardennesartisanat.fr\/en\/wp-json\/wp\/v2\/product"}],"about":[{"href":"https:\/\/ardennesartisanat.fr\/en\/wp-json\/wp\/v2\/types\/product"}],"replies":[{"embeddable":true,"href":"https:\/\/ardennesartisanat.fr\/en\/wp-json\/wp\/v2\/comments?post=2947"}],"wp:featuredmedia":[{"embeddable":true,"href":"https:\/\/ardennesartisanat.fr\/en\/wp-json\/wp\/v2\/media\/2948"}],"wp:attachment":[{"href":"https:\/\/ardennesartisanat.fr\/en\/wp-json\/wp\/v2\/media?parent=2947"}],"wp:term":[{"taxonomy":"product_brand","embeddable":true,"href":"https:\/\/ardennesartisanat.fr\/en\/wp-json\/wp\/v2\/product_brand?post=2947"},{"taxonomy":"product_cat","embeddable":true,"href":"https:\/\/ardennesartisanat.fr\/en\/wp-json\/wp\/v2\/product_cat?post=2947"},{"taxonomy":"product_tag","embeddable":true,"href":"https:\/\/ardennesartisanat.fr\/en\/wp-json\/wp\/v2\/product_tag?post=2947"}],"curies":[{"name":"wp","href":"https:\/\/api.w.org\/{rel}","templated":true}]}}